{"id":418,"date":"2022-01-31T07:32:51","date_gmt":"2022-01-31T06:32:51","guid":{"rendered":"https:\/\/lesdiptik.com\/la-compagnie-2\/"},"modified":"2025-06-20T11:03:30","modified_gmt":"2025-06-20T09:03:30","slug":"la-compagnie","status":"publish","type":"page","link":"https:\/\/lesdiptik.com\/de\/la-compagnie\/","title":{"rendered":"La compagnie"},"content":{"rendered":"<section class=\"wpb-content-wrapper\"><p>[vc_row css_animation=&#8221;&#8221; row_type=&#8221;row&#8221; use_row_as_full_screen_section=&#8221;no&#8221; type=&#8221;full_width&#8221; angled_section=&#8221;no&#8221; text_align=&#8221;left&#8221; background_image_as_pattern=&#8221;without_pattern&#8221;][vc_column][vc_video link=&#8221;https:\/\/youtu.be\/7QytlbCJuDw&#8221;][vc_empty_space][\/vc_column][\/vc_row][vc_row css_animation=&#8221;&#8221; row_type=&#8221;row&#8221; use_row_as_full_screen_section=&#8221;no&#8221; type=&#8221;full_width&#8221; angled_section=&#8221;no&#8221; text_align=&#8221;left&#8221; background_image_as_pattern=&#8221;without_pattern&#8221; z_index=&#8221;&#8221;][vc_column width=&#8221;1\/2&#8243;][vc_text_separator title=&#8221;Le Duo&#8221; i_icon_material=&#8221;vc-material vc-material-people&#8221; title_align=&#8221;separator_align_left&#8221; css_animation=&#8221;none&#8221; border=&#8221;yes&#8221; border_color=&#8221;#e57f84&#8243; background_color=&#8221;#ffffff&#8221; title_color=&#8221;#e57f84&#8243; el_class=&#8221;.mb&#8221;][vc_column_text]Le duo Les Diptik cr\u00e9e des spectacles de clown pour adultes \u2013 un m\u00e9lange de narration th\u00e9\u00e2trale, d\u2019absurdit\u00e9 po\u00e9tique et d\u2019humour tendre et d\u00e9cal\u00e9. Iels tournent leurs spectacles en fran\u00e7ais, allemand, italien ou anglais, dans toute la Suisse et en France. En 2020, leur travail est salu\u00e9 par le <strong>Prix Suisse de la Sc\u00e8ne<\/strong>, d\u00e9cern\u00e9 par l\u2019Office f\u00e9d\u00e9ral de la culture. Iels aiment aussi bien les petits th\u00e9\u00e2tres intimes au creux d\u2019une cave que les institutions bien plant\u00e9es au c\u0153ur des villes.<\/p>\n<p>C\u00e9line Rey et David Melendy se sont rencontr\u00e9.e.s pendant leurs \u00e9tudes en th\u00e9\u00e2tre de mouvement \u00e0 La Haute Ecole Accademia Teatro Dimitri en Suisse. Iels cr\u00e9ent leur duo de clowns en 2013, en tourn\u00e9e avec le Cirque Monti en Suisse allemande. Leur complicit\u00e9 et leur compagnie continue ensuite de se d\u00e9velopper joliment et dignement entre le monde du cirque et celui du th\u00e9\u00e2tre : iels gagnent la m\u00e9daille de bronze au Young Stage International Circus Festival en 2014, jouent au GOP Vari\u00e9t\u00e9 Theater (DE), au Origen Festival Cultural (CH), \u00e0 CASCADE (NL), et ont l\u2019honneur faire la pr\u00e9sentation du World Theater Day Celebration \u00e0 l\u2019UNESCO \u00e0 Paris.[\/vc_column_text][vc_empty_space][\/vc_column][vc_column width=&#8221;1\/2&#8243;][vc_empty_space height=&#8221;70px&#8221;][vc_single_image image=&#8221;1339&#8243; img_size=&#8221;large&#8221; alignment=&#8221;center&#8221; style=&#8221;vc_box_rounded&#8221; qode_css_animation=&#8221;&#8221;][vc_column_text]<\/p>\n<h6 style=\"text-align: right;\">David Melendy et C\u00e9line Rey<\/h6>\n<p>[\/vc_column_text][\/vc_column][\/vc_row][vc_row css_animation=&#8221;&#8221; row_type=&#8221;row&#8221; use_row_as_full_screen_section=&#8221;no&#8221; type=&#8221;full_width&#8221; angled_section=&#8221;no&#8221; text_align=&#8221;left&#8221; background_image_as_pattern=&#8221;without_pattern&#8221;][vc_column width=&#8221;1\/2&#8243;][vc_single_image image=&#8221;121&#8243; img_size=&#8221;large&#8221; style=&#8221;vc_box_rounded&#8221; qode_css_animation=&#8221;&#8221;][vc_column_text]<\/p>\n<h6 style=\"text-align: right;\">Hang Up (2015)<\/h6>\n<p>[\/vc_column_text][\/vc_column][vc_column width=&#8221;1\/2&#8243;][vc_column_text]C\u2019est en 2015 que prend v\u00e9ritablement forme l\u2019identit\u00e9 artistique de leur compagnie, lorsqu\u2019iels cr\u00e9ent \u00ab<strong>\u00a0Hang Up<\/strong>\u00a0\u00bb en collaboration avec leur amie et coll\u00e8gue Marjolaine Minot. Premier spectacle pour les salles noires,\u00a0<em>seul-\u00e0-deux\u00a0<\/em>en sc\u00e8ne pendant 75 minutes, c\u2019est l\u00e0 que s\u2019unissent finalement leur envie de raconter une histoire et leur irr\u00e9pressible besoin de m\u00ealer humour et questionnements philosophiques. Avec plus de 130 repr\u00e9sentations \u00e0 son actif, Hang Up continue son petit bonhomme de chemin apr\u00e8s avoir gagn\u00e9 le 2\u00e8me prix du jury du Niederst\u00e4tter surPrise festival \u00e0 Bolzano en Italie.<\/p>\n<p style=\"text-align: left;\">Pour confirmer et d\u00e9velopper leur recherche artistique, Les Diptik cr\u00e9ent en 2018 \u00ab <strong>Poscriptum<\/strong> \u00bb, en collaboration avec Sky de Sela. S\u2019ensuivront, en co-\u00e9criture toujours, \u00ab <strong>Etcetera, etc.<\/strong> \u00bb (2020), un seul-en-sc\u00e8ne interpr\u00e9t\u00e9 par David Melendy, un spectacle de plus grande envergure, \u00ab <strong>Septik<\/strong> \u00bb (2021) et un format court tout terrain, \u00ab <strong>Smalltalk<\/strong> \u00bb (2024-2025), qui fait l\u2019objet d\u2019une r\u00e9sidence au CCHAR en mars 2025 sous les yeux de Gerardo Tetilla.<br \/>\nEn 2022, iels mettent en sc\u00e8ne le <em data-start=\"2328\" data-end=\"2357\">TheaterZirkus Wunderplunder<\/em> et en 2023, signent la mise en sc\u00e8ne du spectacle d\u2019\u00e9t\u00e9 de fin de formation de l\u2019Accademia Dimitri.<br data-start=\"2457\" data-end=\"2460\" \/>Leur prochaine cr\u00e9ation, \u00ab <strong>Fertik<\/strong> \u00bb (2026), cocr\u00e9\u00e9e avec Fanny Kr\u00e4henb\u00fchl et coproduite avec Equilibre-Nuithonie \u00e0 Fribourg, s\u2019inscrit dans la continuit\u00e9 de leur travail m\u00ealant exigence artistique, humour d\u00e9cal\u00e9 et regard complice avec les maladresses du monde.<\/p>\n<p>[\/vc_column_text][\/vc_column][vc_column][\/vc_column][\/vc_row][vc_row css_animation=&#8221;&#8221; row_type=&#8221;row&#8221; use_row_as_full_screen_section=&#8221;no&#8221; type=&#8221;full_width&#8221; angled_section=&#8221;no&#8221; text_align=&#8221;left&#8221; background_image_as_pattern=&#8221;without_pattern&#8221;][vc_column][vc_empty_space height=&#8221;50px&#8221;][\/vc_column][\/vc_row][vc_row css_animation=&#8221;&#8221; row_type=&#8221;row&#8221; use_row_as_full_screen_section=&#8221;no&#8221; type=&#8221;full_width&#8221; angled_section=&#8221;no&#8221; text_align=&#8221;left&#8221; background_image_as_pattern=&#8221;without_pattern&#8221;][vc_column width=&#8221;1\/2&#8243;][vc_text_separator title=&#8221;C\u00e9line Rey&#8221; i_icon_material=&#8221;vc-material vc-material-people&#8221; title_align=&#8221;separator_align_left&#8221; css_animation=&#8221;none&#8221; border=&#8221;yes&#8221; border_color=&#8221;#e57f84&#8243; background_color=&#8221;#ffffff&#8221; title_color=&#8221;#e57f84&#8243; el_class=&#8221;.mb&#8221;][vc_column_text]<strong>C\u00e9line Rey<\/strong> est n\u00e9e en 1986 \u00e0 Fribourg. Elle est com\u00e9dienne et clowne. Apr\u00e8s des \u00e9tudes en sciences de l\u2019\u00e9ducation \u00e0 l\u2019Universit\u00e9 de Fribourg et une ann\u00e9e en classe pr\u00e9- professionnelle d\u2019art dramatique au Con- servatoire de Fribourg, elle accomplit en 2012 un Bachelor en Th\u00e9\u00e2tre de Mouvement \u00e0 l\u2019Acad\u00e9mie Teatro Dimitri au Tessin.<br \/>\nEn dehors de son activit\u00e9 avec la Compagnie Les Diptik, C\u00e9line travaille \u00e9galement comme com\u00e9dienne (Origen Festival, 2014 \/ Les Karl\u2019s k\u00fchne Gassenschau, \u201cSektor 1\u201d, 2016-18 \/ Compagnie de l\u2019Efranget\u00e9, \u201cL\u2019Oeuf\u201d, 2022-23). Elle accompagne diff\u00e9rents projets de cr\u00e9ation en tant que regard ext\u00e9rieur \/ mise en sc\u00e8ne (TheaterZirkus Wunderplunder, 2022 \/ Cie Th\u00e9\u00e2tre Circulaire, \u201cPorte-\u00e0-Faux\u201d, 2022). Elle s\u2019adonne \u00e9galement \u00e0 l\u2019enseignement du clown et du th\u00e9\u00e2tre de mouvement.[\/vc_column_text][\/vc_column][vc_column width=&#8221;1\/2&#8243;][vc_empty_space height=&#8221;70px&#8221;][vc_single_image image=&#8221;98&#8243; img_size=&#8221;large&#8221; alignment=&#8221;center&#8221; style=&#8221;vc_box_rounded&#8221; qode_css_animation=&#8221;&#8221;][vc_empty_space][\/vc_column][\/vc_row][vc_row css_animation=&#8221;&#8221; row_type=&#8221;row&#8221; use_row_as_full_screen_section=&#8221;no&#8221; type=&#8221;full_width&#8221; angled_section=&#8221;no&#8221; text_align=&#8221;left&#8221; background_image_as_pattern=&#8221;without_pattern&#8221;][vc_column][vc_empty_space height=&#8221;50px&#8221;][\/vc_column][\/vc_row][vc_row css_animation=&#8221;&#8221; row_type=&#8221;row&#8221; use_row_as_full_screen_section=&#8221;no&#8221; type=&#8221;full_width&#8221; angled_section=&#8221;no&#8221; text_align=&#8221;left&#8221; background_image_as_pattern=&#8221;without_pattern&#8221;][vc_column width=&#8221;1\/2&#8243;][vc_empty_space height=&#8221;70px&#8221;][vc_single_image image=&#8221;102&#8243; img_size=&#8221;large&#8221; alignment=&#8221;center&#8221; style=&#8221;vc_box_rounded&#8221; qode_css_animation=&#8221;&#8221;][vc_empty_space][\/vc_column][vc_column width=&#8221;1\/2&#8243;][vc_text_separator title=&#8221;David Melendy&#8221; i_icon_material=&#8221;vc-material vc-material-people&#8221; title_align=&#8221;separator_align_left&#8221; css_animation=&#8221;none&#8221; border=&#8221;yes&#8221; background_color=&#8221;#ffffff&#8221; title_color=&#8221;#e57f84&#8243; el_class=&#8221;.mb&#8221; border_color=&#8221;#e57f84&#8243;][vc_column_text]<strong>David Melendy<\/strong> est un artiste, metteur en sc\u00e8ne et enseignant sp\u00e9cialis\u00e9 en clown et th\u00e9\u00e2tre physique. Originaire de Californie, David a commenc\u00e9 ses \u00e9tudes de clown au San Francisco Circus Center, puis a obtenu un Bachelor en Th\u00e9\u00e2tre Physique \u00e0 l&#8217;Accademia Dimitri en Suisse en 2012, suivi d&#8217;un Master en 2020.<\/p>\n<p>David travaille principalement avec sa partenaire de clown, C\u00e9line Rey, au sein du duo Les Diptik, pr\u00e9sentant leurs spectacles de clown en anglais, fran\u00e7ais, allemand et italien. Leur travail s\u2019\u00e9tend internationalement dans des spectacles de cirque et de vari\u00e9t\u00e9s, avec des performances notamment avec le Circus Monti (CH), le GOP Variet\u00e9 (DE) et Clowns Sans Fronti\u00e8res Suisse. Les Diptik ont \u00e9galement assur\u00e9 l&#8217;animation d&#8217;\u00e9v\u00e9nements prestigieux tels que la Journ\u00e9e Mondiale du Th\u00e9\u00e2tre de l&#8217;UNESCO, la Bourse Suisse aux Spectacles et la c\u00e9r\u00e9monie des Prix suisses des arts de la sc\u00e8ne.<\/p>\n<p>En plus de son travail avec Les Diptik, David a tourn\u00e9 avec diverses compagnies en Suisse et \u00e0 l\u2019\u00e9tranger. Il anime \u00e9galement des ateliers de clown et intervient en tant que metteur en sc\u00e8ne et regard ext\u00e9rieur pour d\u2019autres productions. En reconnaissance de ses contributions, David et Les Diptik ont re\u00e7u le Prix Suisse de Th\u00e9\u00e2tre en 2020. David est form\u00e9 en Communication Non-Violente et en m\u00e9diation de conflits. Il a re\u00e7u la nationalit\u00e9 suisse en 2024.[\/vc_column_text][\/vc_column][\/vc_row][vc_row css_animation=&#8221;&#8221; row_type=&#8221;row&#8221; use_row_as_full_screen_section=&#8221;no&#8221; type=&#8221;full_width&#8221; angled_section=&#8221;no&#8221; text_align=&#8221;left&#8221; background_image_as_pattern=&#8221;without_pattern&#8221;][vc_column][vc_empty_space][\/vc_column][\/vc_row][vc_row css_animation=&#8221;&#8221; row_type=&#8221;row&#8221; use_row_as_full_screen_section=&#8221;no&#8221; type=&#8221;full_width&#8221; angled_section=&#8221;no&#8221; text_align=&#8221;left&#8221; background_image_as_pattern=&#8221;without_pattern&#8221;][vc_column][\/vc_column][\/vc_row]<\/p>\n<\/section>","protected":false},"excerpt":{"rendered":"<p>[vc_row css_animation=&#8221;&#8221; row_type=&#8221;row&#8221; use_row_as_full_screen_section=&#8221;no&#8221; type=&#8221;full_width&#8221; angled_section=&#8221;no&#8221; text_align=&#8221;left&#8221; background_image_as_pattern=&#8221;without_pattern&#8221;][vc_column][vc_video link=&#8221;https:\/\/youtu.be\/7QytlbCJuDw&#8221;][vc_empty_space][\/vc_column][\/vc_row][vc_row css_animation=&#8221;&#8221; row_type=&#8221;row&#8221; use_row_as_full_screen_section=&#8221;no&#8221; type=&#8221;full_width&#8221; angled_section=&#8221;no&#8221; text_align=&#8221;left&#8221; background_image_as_pattern=&#8221;without_pattern&#8221; z_index=&#8221;&#8221;][vc_column width=&#8221;1\/2&#8243;][vc_text_separator title=&#8221;Le Duo&#8221; i_icon_material=&#8221;vc-material vc-material-people&#8221; title_align=&#8221;separator_align_left&#8221; css_animation=&#8221;none&#8221; border=&#8221;yes&#8221; border_color=&#8221;#e57f84&#8243; background_color=&#8221;#ffffff&#8221; title_color=&#8221;#e57f84&#8243; el_class=&#8221;.mb&#8221;][vc_column_text]Le duo Les Diptik cr\u00e9e des spectacles de clown pour adultes \u2013 un m\u00e9lange de narration th\u00e9\u00e2trale,&#8230;<\/p>\n","protected":false},"author":1,"featured_media":0,"parent":0,"menu_order":0,"comment_status":"closed","ping_status":"closed","template":"","meta":{"footnotes":""},"class_list":["post-418","page","type-page","status-publish","hentry"],"_links":{"self":[{"href":"https:\/\/lesdiptik.com\/de\/wp-json\/wp\/v2\/pages\/418","targetHints":{"allow":["GET"]}}],"collection":[{"href":"https:\/\/lesdiptik.com\/de\/wp-json\/wp\/v2\/pages"}],"about":[{"href":"https:\/\/lesdiptik.com\/de\/wp-json\/wp\/v2\/types\/page"}],"author":[{"embeddable":true,"href":"https:\/\/lesdiptik.com\/de\/wp-json\/wp\/v2\/users\/1"}],"replies":[{"embeddable":true,"href":"https:\/\/lesdiptik.com\/de\/wp-json\/wp\/v2\/comments?post=418"}],"version-history":[{"count":12,"href":"https:\/\/lesdiptik.com\/de\/wp-json\/wp\/v2\/pages\/418\/revisions"}],"predecessor-version":[{"id":1363,"href":"https:\/\/lesdiptik.com\/de\/wp-json\/wp\/v2\/pages\/418\/revisions\/1363"}],"wp:attachment":[{"href":"https:\/\/lesdiptik.com\/de\/wp-json\/wp\/v2\/media?parent=418"}],"curies":[{"name":"wp","href":"https:\/\/api.w.org\/{rel}","templated":true}]}}