{"id":357,"date":"2022-01-31T07:33:34","date_gmt":"2022-01-31T06:33:34","guid":{"rendered":"https:\/\/lesdiptik.com\/kontakt\/"},"modified":"2022-06-20T09:32:43","modified_gmt":"2022-06-20T07:32:43","slug":"contact","status":"publish","type":"page","link":"https:\/\/lesdiptik.com\/de\/contact\/","title":{"rendered":"Kontakt"},"content":{"rendered":"<section class=\"wpb-content-wrapper\"><p>[vc_row css_animation=&#8221;&#8221; row_type=&#8221;row&#8221; use_row_as_full_screen_section=&#8221;no&#8221; type=&#8221;full_width&#8221; angled_section=&#8221;no&#8221; text_align=&#8221;left&#8221; background_image_as_pattern=&#8221;without_pattern&#8221;][vc_column width=&#8221;2\/3&#8243;][vc_single_image image=&#8221;224&#8243; img_size=&#8221;full&#8221; alignment=&#8221;center&#8221; qode_css_animation=&#8221;&#8221;][vc_empty_space][\/vc_column][vc_column width=&#8221;1\/3&#8243;][vc_column_text]<\/p>\n<h4>Les Diptik<\/h4>\n<p>K\u00fcnstlerische Leitung: C\u00e9line Rey, David Melendy<\/p>\n<p>Route de la Poudri\u00e8re 25<br \/>\n1700 Freiburg<br \/>\nSchweiz<\/p>\n<p><a href=\"mailto:info@lesdiptik.com\">info@lesdiptik.com<\/a>[\/vc_column_text][vc_empty_space][vc_column_text]<strong>Folgen Sie uns<\/strong>[\/vc_column_text]<span class='q_social_icon_holder normal_social' ><a itemprop='url' href='https:\/\/facebook.com\/lesdiptik' target='_blank'><i class=\"qode_icon_font_awesome fa fa-facebook fa-lg simple_social\" style=\"margin: 10px 10px 10px 0px;\" ><\/i><\/a><\/span><span class='q_social_icon_holder normal_social' ><a itemprop='url' href='https:\/\/www.instagram.com\/lesdiptik\/' target='_blank'><i class=\"qode_icon_font_awesome fa fa-instagram fa-lg simple_social\" style=\"margin: 10px 0px 10px 10px;\" ><\/i><\/a><\/span>[\/vc_column][\/vc_row]<\/p>\n<\/section>","protected":false},"excerpt":{"rendered":"<p>[vc_row css_animation=&#8221;&#8221; row_type=&#8221;row&#8221; use_row_as_full_screen_section=&#8221;no&#8221; type=&#8221;full_width&#8221; angled_section=&#8221;no&#8221; text_align=&#8221;left&#8221; background_image_as_pattern=&#8221;without_pattern&#8221;][vc_column width=&#8221;2\/3&#8243;][vc_single_image image=&#8221;224&#8243; img_size=&#8221;full&#8221; alignment=&#8221;center&#8221; qode_css_animation=&#8221;&#8221;][vc_empty_space][\/vc_column][vc_column width=&#8221;1\/3&#8243;][vc_column_text] Les Diptik K\u00fcnstlerische Leitung: C\u00e9line Rey, David Melendy Route de la Poudri\u00e8re 25 1700 Freiburg Schweiz info@lesdiptik.com[\/vc_column_text][vc_empty_space][vc_column_text]Folgen Sie uns[\/vc_column_text][\/vc_column][\/vc_row]<\/p>\n","protected":false},"author":1,"featured_media":0,"parent":0,"menu_order":0,"comment_status":"closed","ping_status":"closed","template":"","meta":{"footnotes":""},"class_list":["post-357","page","type-page","status-publish","hentry"],"_links":{"self":[{"href":"https:\/\/lesdiptik.com\/de\/wp-json\/wp\/v2\/pages\/357","targetHints":{"allow":["GET"]}}],"collection":[{"href":"https:\/\/lesdiptik.com\/de\/wp-json\/wp\/v2\/pages"}],"about":[{"href":"https:\/\/lesdiptik.com\/de\/wp-json\/wp\/v2\/types\/page"}],"author":[{"embeddable":true,"href":"https:\/\/lesdiptik.com\/de\/wp-json\/wp\/v2\/users\/1"}],"replies":[{"embeddable":true,"href":"https:\/\/lesdiptik.com\/de\/wp-json\/wp\/v2\/comments?post=357"}],"version-history":[{"count":15,"href":"https:\/\/lesdiptik.com\/de\/wp-json\/wp\/v2\/pages\/357\/revisions"}],"predecessor-version":[{"id":1014,"href":"https:\/\/lesdiptik.com\/de\/wp-json\/wp\/v2\/pages\/357\/revisions\/1014"}],"wp:attachment":[{"href":"https:\/\/lesdiptik.com\/de\/wp-json\/wp\/v2\/media?parent=357"}],"curies":[{"name":"wp","href":"https:\/\/api.w.org\/{rel}","templated":true}]}}